{"id":1889,"date":"2021-07-29T16:13:11","date_gmt":"2021-07-29T19:13:11","guid":{"rendered":"https:\/\/superparking.app\/?page_id=1889"},"modified":"2021-08-03T15:09:32","modified_gmt":"2021-08-03T18:09:32","slug":"estacione-com-desconto-lp-1","status":"publish","type":"page","link":"https:\/\/superparking.app\/en\/estacione-com-desconto-lp-1\/","title":{"rendered":"Estacione com desconto"},"content":{"rendered":"<h1 style=\"text-align: left;\">Opa! Que bom ver voc\u00ea por aqui!<\/h1>\n<p style=\"text-align: left;\">Estacione com desconto hoje mesmo!<\/p>\n<h2 style=\"text-align: left;\"><img loading=\"lazy\" class=\"alignnone wp-image-1891\" src=\"https:\/\/superparking-blog.s3.amazonaws.com\/wp-content\/uploads\/2021\/07\/29162432\/app-promo-superparking-300x200.jpg\" alt=\"Estacione com desconto - App superparking\" width=\"420\" height=\"280\" srcset=\"https:\/\/superparking-blog.s3.amazonaws.com\/wp-content\/uploads\/2021\/07\/29162432\/app-promo-superparking-300x200.jpg 300w, https:\/\/superparking-blog.s3.amazonaws.com\/wp-content\/uploads\/2021\/07\/29162432\/app-promo-superparking-1024x683.jpg 1024w, https:\/\/superparking-blog.s3.amazonaws.com\/wp-content\/uploads\/2021\/07\/29162432\/app-promo-superparking-768x512.jpg 768w, https:\/\/superparking-blog.s3.amazonaws.com\/wp-content\/uploads\/2021\/07\/29162432\/app-promo-superparking-16x12.jpg 16w, https:\/\/superparking-blog.s3.amazonaws.com\/wp-content\/uploads\/2021\/07\/29162432\/app-promo-superparking.jpg 1200w\" sizes=\"(max-width: 420px) 100vw, 420px\" title=\"\"><\/h2>\n<p style=\"text-align: left;\">Este \u00e9 o cupom que voc\u00ea vai usar pra ganhar <strong>100%<\/strong> de <strong>desconto<\/strong> na hora de estacionar.<\/p>\n<h2 style=\"text-align: left;\"><span style=\"color: #99cc00;\"><strong>Cupom: zonaverde100%<\/strong><\/span><\/h2>\n<p style=\"text-align: left;\"><strong>Como utilizar:<\/strong><\/p>\n<p style=\"text-align: left;\">1 &#8211; Baixe o APP<\/p>\n<p style=\"text-align: left;\">2 &#8211; Selecione o Destino.<\/p>\n<p style=\"text-align: left;\">3 &#8211; Encontre o estacionamento e reserve sua Vaga<\/p>\n<p style=\"text-align: left;\">4 &#8211; Insira o c\u00f3digo na hora do pagamento.<\/p>\n<p style=\"text-align: left;\"><strong>Regras:\u00a0<\/strong><\/p>\n<p style=\"text-align: left;\">&#8211; Desconto v\u00e1lido para a primeira reserva.<br \/>\n&#8211; Periodo m\u00e1ximo de 2h<\/p>","protected":false},"excerpt":{"rendered":"<p>Opa! Que bom ver voc\u00ea por aqui! Estacione com desconto hoje mesmo! Este \u00e9 o cupom que voc\u00ea vai usar pra ganhar 100% de desconto na hora de estacionar. Cupom: zonaverde100% Como utilizar: 1 &#8211; &#8230;<\/p>","protected":false},"author":3,"featured_media":1891,"parent":0,"menu_order":0,"comment_status":"closed","ping_status":"closed","template":"basic-page.php","meta":[],"acf":[],"_links":{"self":[{"href":"https:\/\/superparking.app\/en\/wp-json\/wp\/v2\/pages\/1889"}],"collection":[{"href":"https:\/\/superparking.app\/en\/wp-json\/wp\/v2\/pages"}],"about":[{"href":"https:\/\/superparking.app\/en\/wp-json\/wp\/v2\/types\/page"}],"author":[{"embeddable":true,"href":"https:\/\/superparking.app\/en\/wp-json\/wp\/v2\/users\/3"}],"replies":[{"embeddable":true,"href":"https:\/\/superparking.app\/en\/wp-json\/wp\/v2\/comments?post=1889"}],"version-history":[{"count":6,"href":"https:\/\/superparking.app\/en\/wp-json\/wp\/v2\/pages\/1889\/revisions"}],"predecessor-version":[{"id":1896,"href":"https:\/\/superparking.app\/en\/wp-json\/wp\/v2\/pages\/1889\/revisions\/1896"}],"wp:featuredmedia":[{"embeddable":true,"href":"https:\/\/superparking.app\/en\/wp-json\/wp\/v2\/media\/1891"}],"wp:attachment":[{"href":"https:\/\/superparking.app\/en\/wp-json\/wp\/v2\/media?parent=1889"}],"curies":[{"name":"wp","href":"https:\/\/api.w.org\/{rel}","templated":true}]}}